{"id":87,"date":"2025-08-21T17:46:02","date_gmt":"2025-08-21T15:46:02","guid":{"rendered":"https:\/\/exponential-parenting.es\/?page_id=87"},"modified":"2025-10-16T12:01:06","modified_gmt":"2025-10-16T10:01:06","slug":"homepage","status":"publish","type":"page","link":"https:\/\/exponential-parenting.es\/","title":{"rendered":"Home"},"content":{"rendered":"\n<div class=\"wp-block-group alignfull has-global-padding is-layout-constrained wp-container-core-group-is-layout-490fa1db wp-block-group-is-layout-constrained\" style=\"padding-top:var(--wp--preset--spacing--50);padding-right:var(--wp--preset--spacing--50);padding-bottom:var(--wp--preset--spacing--50);padding-left:var(--wp--preset--spacing--50)\">\n<div class=\"wp-block-group has-global-padding is-layout-constrained wp-container-core-group-is-layout-650790e1 wp-block-group-is-layout-constrained\">\n<h1 class=\"wp-block-heading has-text-align-center has-x-large-font-size\">Reconfigura tu manera de criar.<br>Reimagina tu legado.<\/h1>\n\n\n\n<div style=\"height:1.25rem\" aria-hidden=\"true\" class=\"wp-block-spacer\"><\/div>\n\n\n\n<p class=\"has-text-align-center\"><strong>Exponential Parenting<\/strong> se fund\u00f3 con el objetivo de empoderar a los padres para romper los ciclos generacionales, fomentar una <strong>inteligencia emocional <\/strong>profunda y cultivar din\u00e1micas familiares conscientes que se extiendan m\u00e1s all\u00e1 del hogar. Porque la crianza de los hijos puede ser algo m\u00e1s que simplemente sobrevivir mientras se cr\u00eda a los ni\u00f1os: puede ser hacer realidad <strong>los deseos y sue\u00f1os m\u00e1s profundos<\/strong> para tu familia.<\/p>\n\n\n\n<div style=\"height:1.25rem\" aria-hidden=\"true\" class=\"wp-block-spacer\"><\/div>\n\n\n\n<div class=\"wp-block-buttons is-content-justification-center is-layout-flex wp-container-core-buttons-is-layout-a89b3969 wp-block-buttons-is-layout-flex\">\n<div class=\"wp-block-button\"><a class=\"wp-block-button__link wp-element-button\" href=\"https:\/\/exponential-parenting.es\/?page_id=8\">Aprende m\u00e1s<\/a><\/div>\n<\/div>\n<\/div>\n\n\n\n<div style=\"height:var(--wp--preset--spacing--30)\" aria-hidden=\"true\" class=\"wp-block-spacer\"><\/div>\n\n\n\n<figure class=\"wp-block-image alignwide size-full is-style-rounded is-style-rounded--1\"><img loading=\"lazy\" decoding=\"async\" width=\"1280\" height=\"627\" src=\"https:\/\/exponential-parenting.es\/wp-content\/uploads\/2025\/08\/mama-5098862_1280-copy-2-1.jpeg\" alt=\"\" class=\"wp-image-28\" srcset=\"https:\/\/exponential-parenting.es\/wp-content\/uploads\/2025\/08\/mama-5098862_1280-copy-2-1.jpeg 1280w, https:\/\/exponential-parenting.es\/wp-content\/uploads\/2025\/08\/mama-5098862_1280-copy-2-1-300x147.jpeg 300w, https:\/\/exponential-parenting.es\/wp-content\/uploads\/2025\/08\/mama-5098862_1280-copy-2-1-1024x502.jpeg 1024w, https:\/\/exponential-parenting.es\/wp-content\/uploads\/2025\/08\/mama-5098862_1280-copy-2-1-768x376.jpeg 768w\" sizes=\"auto, (max-width: 1280px) 100vw, 1280px\" \/><\/figure>\n<\/div>\n\n\n\n<div class=\"wp-block-group alignfull has-base-2-background-color has-background has-global-padding is-layout-constrained wp-container-core-group-is-layout-669513ed wp-block-group-is-layout-constrained\" style=\"margin-top:0;margin-bottom:0;padding-top:var(--wp--preset--spacing--50);padding-right:var(--wp--preset--spacing--50);padding-bottom:var(--wp--preset--spacing--50);padding-left:var(--wp--preset--spacing--50)\">\n<div class=\"wp-block-group is-vertical is-content-justification-center is-layout-flex wp-container-core-group-is-layout-52b864f0 wp-block-group-is-layout-flex\">\n<h2 class=\"wp-block-heading has-text-align-center is-style-asterisk\">Servicios de Asesora de Crianza Certificada<\/h2>\n\n\n\n<div style=\"height:0px\" aria-hidden=\"true\" class=\"wp-block-spacer wp-container-content-4f2ccadb\"><\/div>\n\n\n\n<p class=\"has-text-align-center\">Basado en la <strong>neurociencia, la inteligencia emocional y el \u00abmindfulness\u00bb<\/strong>, el m\u00e9todo Exponential va mucho m\u00e1s all\u00e1 de los m\u00e9todos tradicionales o los \u00abtrucos\u00bb, y proporciona a los padres, futuros padres y profesionales <strong>las herramientas, los conocimientos y la confianza<\/strong> necesarios para lograr un cambio duradero y criar hijos <strong>resilientes y compasivos<\/strong>.<\/p>\n<\/div>\n\n\n\n<div style=\"margin-top:0;margin-bottom:0;height:var(--wp--preset--spacing--40)\" aria-hidden=\"true\" class=\"wp-block-spacer\"><\/div>\n\n\n\n<div class=\"wp-block-columns alignwide is-layout-flex wp-container-core-columns-is-layout-d0bbbce0 wp-block-columns-is-layout-flex\">\n<div class=\"wp-block-column is-layout-flow wp-container-core-column-is-layout-e3d1c41b wp-block-column-is-layout-flow\">\n<h3 class=\"wp-block-heading has-text-align-left is-style-asterisk has-body-font-family has-medium-font-size\" style=\"font-style:normal;font-weight:600\">Servicios de Asesoramiento<\/h3>\n\n\n\n<p class=\"has-text-align-left\">A trav\u00e9s de un <strong>asesoramiento experto<\/strong>, una educaci\u00f3n transformadora y una comunidad solidaria, mi objetivo es ayudar a los padres a afrontar con claridad y determinaci\u00f3n las dificultades y presiones de la paternidad moderna.<\/p>\n<\/div>\n\n\n\n<div class=\"wp-block-column is-layout-flow wp-container-core-column-is-layout-e3d1c41b wp-block-column-is-layout-flow\">\n<h3 class=\"wp-block-heading has-text-align-left is-style-asterisk has-body-font-family has-medium-font-size\" style=\"font-style:normal;font-weight:600\">Centrado en los Padres<\/h3>\n\n\n\n<p class=\"has-text-align-left\">Mis estrategias basadas en la evidencia y mis metodolog\u00edas centradas en el coraz\u00f3n generan <strong>cambios a largo plazo<\/strong>, asegurando que los padres no solo apoyen el crecimiento de sus hijos, sino que tambi\u00e9n evolucionen en su propio camino de autodescubrimiento y liderazgo.<\/p>\n<\/div>\n\n\n\n<div class=\"wp-block-column is-layout-flow wp-container-core-column-is-layout-e3d1c41b wp-block-column-is-layout-flow\">\n<h3 class=\"wp-block-heading has-text-align-left is-style-asterisk has-body-font-family has-medium-font-size\" style=\"font-style:normal;font-weight:600\">Forjando el Futuro<\/h3>\n\n\n\n<p class=\"has-text-align-left\">Al priorizar la conexi\u00f3n sobre la correcci\u00f3n y fomentar una cultura de crianza pac\u00edfica, estamos creando una generaci\u00f3n de <strong>futuros l\u00edderes<\/strong> que transformar\u00e1n las comunidades, los lugares de trabajo y el mundo.<\/p>\n<\/div>\n<\/div>\n\n\n\n<div class=\"wp-block-columns alignwide is-layout-flex wp-container-core-columns-is-layout-d0bbbce0 wp-block-columns-is-layout-flex\">\n<div class=\"wp-block-column is-layout-flow wp-block-column-is-layout-flow\"><\/div>\n\n\n\n<div class=\"wp-block-column is-layout-flow wp-block-column-is-layout-flow\"><\/div>\n<\/div>\n<\/div>\n\n\n\n<div class=\"wp-block-group alignfull has-global-padding is-layout-constrained wp-container-core-group-is-layout-d89aad35 wp-block-group-is-layout-constrained\" style=\"margin-top:0;margin-bottom:0;padding-top:var(--wp--preset--spacing--50);padding-right:var(--wp--preset--spacing--50);padding-bottom:var(--wp--preset--spacing--50);padding-left:var(--wp--preset--spacing--50)\">\n<div class=\"wp-block-group alignwide has-global-padding is-layout-constrained wp-container-core-group-is-layout-19e250f3 wp-block-group-is-layout-constrained\">\n<div class=\"wp-block-group is-vertical is-content-justification-center is-layout-flex wp-container-core-group-is-layout-6329a8f3 wp-block-group-is-layout-flex\">\n<h2 class=\"wp-block-heading has-text-align-center is-style-asterisk\">Formaci\u00f3n bajo tus t\u00e9rminos<\/h2>\n\n\n\n<p class=\"has-text-align-center\">No existe una herramienta de crianza \u00fanica que funcione para todas las familias, por eso ofrezco <strong>soluciones de coaching personalizadas<\/strong> que se adaptan a tus necesidades espec\u00edficas y a tu presupuesto.<\/p>\n<\/div>\n\n\n\n<div style=\"height:var(--wp--preset--spacing--40)\" aria-hidden=\"true\" class=\"wp-block-spacer\"><\/div>\n\n\n\n<div class=\"wp-block-columns alignwide is-layout-flex wp-container-core-columns-is-layout-d1c656ed wp-block-columns-is-layout-flex\">\n<div class=\"wp-block-column is-vertically-aligned-center is-layout-flow wp-block-column-is-layout-flow\" style=\"flex-basis:40%\">\n<h3 class=\"wp-block-heading is-style-asterisk\">Asesoramiento Privado<\/h3>\n\n\n\n<ul style=\"line-height:1.75\" class=\"wp-block-list is-style-checkmark-list\">\n<li>Sesiones semanales de coaching 1-a-1.<\/li>\n\n\n\n<li>Una experiencia personalizada y profunda.<\/li>\n\n\n\n<li>Acceso de por vida al contenido.<\/li>\n<\/ul>\n<\/div>\n\n\n\n<div class=\"wp-block-column is-layout-flow wp-block-column-is-layout-flow\" style=\"flex-basis:50%\">\n<figure class=\"wp-block-image size-large is-style-rounded is-style-rounded--2\"><img loading=\"lazy\" decoding=\"async\" width=\"1024\" height=\"682\" src=\"https:\/\/exponential-parenting.es\/wp-content\/uploads\/2025\/08\/women-5802098_1280-1-1024x682.jpg\" alt=\"\" class=\"wp-image-29\" srcset=\"https:\/\/exponential-parenting.es\/wp-content\/uploads\/2025\/08\/women-5802098_1280-1-1024x682.jpg 1024w, https:\/\/exponential-parenting.es\/wp-content\/uploads\/2025\/08\/women-5802098_1280-1-300x200.jpg 300w, https:\/\/exponential-parenting.es\/wp-content\/uploads\/2025\/08\/women-5802098_1280-1-768x512.jpg 768w, https:\/\/exponential-parenting.es\/wp-content\/uploads\/2025\/08\/women-5802098_1280-1.jpg 1280w\" sizes=\"auto, (max-width: 1024px) 100vw, 1024px\" \/><\/figure>\n<\/div>\n<\/div>\n\n\n\n<div style=\"height:var(--wp--preset--spacing--40)\" aria-hidden=\"true\" class=\"wp-block-spacer\"><\/div>\n\n\n\n<div class=\"wp-block-columns alignwide is-layout-flex wp-container-core-columns-is-layout-d1c656ed wp-block-columns-is-layout-flex\">\n<div class=\"wp-block-column is-layout-flow wp-block-column-is-layout-flow\" style=\"flex-basis:50%\">\n<figure class=\"wp-block-image size-large is-style-rounded is-style-rounded--3\"><img loading=\"lazy\" decoding=\"async\" width=\"1024\" height=\"678\" src=\"https:\/\/exponential-parenting.es\/wp-content\/uploads\/2025\/08\/entrepreneur-593357_1280-1-1024x678.jpg\" alt=\"\" class=\"wp-image-30\" srcset=\"https:\/\/exponential-parenting.es\/wp-content\/uploads\/2025\/08\/entrepreneur-593357_1280-1-1024x678.jpg 1024w, https:\/\/exponential-parenting.es\/wp-content\/uploads\/2025\/08\/entrepreneur-593357_1280-1-300x199.jpg 300w, https:\/\/exponential-parenting.es\/wp-content\/uploads\/2025\/08\/entrepreneur-593357_1280-1-768x509.jpg 768w, https:\/\/exponential-parenting.es\/wp-content\/uploads\/2025\/08\/entrepreneur-593357_1280-1.jpg 1280w\" sizes=\"auto, (max-width: 1024px) 100vw, 1024px\" \/><\/figure>\n<\/div>\n\n\n\n<div class=\"wp-block-column is-vertically-aligned-center is-layout-flow wp-block-column-is-layout-flow\" style=\"flex-basis:40%\">\n<h3 class=\"wp-block-heading is-style-asterisk\">Curso para Grupos Reducidos<\/h3>\n\n\n\n<ul style=\"line-height:1.75\" class=\"wp-block-list is-style-checkmark-list\">\n<li>Transforma tu forma de criar a tus hijos en comunidad con un grupo de personas que tambi\u00e9n est\u00e1n rompiendo el ciclo.<\/li>\n\n\n\n<li>Acceso de por vida al contenido.<\/li>\n\n\n\n<li>Sesiones de coaching semanales en directo.<\/li>\n<\/ul>\n<\/div>\n<\/div>\n<\/div>\n<\/div>\n\n\n\n<div class=\"wp-block-group alignfull has-base-color has-contrast-background-color has-text-color has-background has-global-padding is-layout-constrained wp-container-core-group-is-layout-ef3d885c wp-block-group-is-layout-constrained\" style=\"margin-top:0;margin-bottom:0;padding-top:var(--wp--preset--spacing--60);padding-right:var(--wp--preset--spacing--60);padding-bottom:var(--wp--preset--spacing--60);padding-left:var(--wp--preset--spacing--60)\">\n<div class=\"wp-block-group has-global-padding is-layout-constrained wp-block-group-is-layout-constrained\">\n<p class=\"has-text-align-center has-base-color has-text-color has-heading-font-family has-x-large-font-size\" style=\"line-height:1.2\">\u00ab<em>Trabajar con Gwen ha sido incre\u00edble, empec\u00e9 a ver cambios desde la primera semana. Es un camino muy largo pero vale la pena cada paso que se da.\u00bb<\/em><\/p>\n\n\n\n<div style=\"height:var(--wp--preset--spacing--10)\" aria-hidden=\"true\" class=\"wp-block-spacer\"><\/div>\n\n\n\n<div class=\"wp-block-group is-vertical is-content-justification-center is-nowrap is-layout-flex wp-container-core-group-is-layout-2dc08cea wp-block-group-is-layout-flex\">\n<figure class=\"wp-block-image aligncenter size-thumbnail is-resized has-custom-border\"><img loading=\"lazy\" decoding=\"async\" width=\"150\" height=\"150\" src=\"https:\/\/exponential-parenting.es\/wp-content\/uploads\/2025\/08\/rose-7698947_640-150x150.jpg\" alt=\"\" class=\"wp-image-94\" style=\"border-radius:100px;aspect-ratio:1;object-fit:cover;width:60px\"\/><\/figure>\n\n\n\n<p class=\"has-text-align-center\" style=\"margin-top:var(--wp--preset--spacing--10);margin-bottom:0\">Karen<\/p>\n\n\n\n<p class=\"has-text-align-center has-contrast-3-color has-text-color has-small-font-size\" style=\"font-style:normal;font-weight:300\">Mam\u00e1 Aut\u00f3noma de una ni\u00f1a de 6 a\u00f1os<\/p>\n<\/div>\n<\/div>\n<\/div>\n\n\n\n<div id=\"wp-block-themeisle-blocks-advanced-columns-678cc482\" class=\"wp-block-themeisle-blocks-advanced-columns alignfull has-1-columns has-desktop-equal-layout has-tablet-equal-layout has-mobile-collapsedRows-layout has-reverse-columns-mobile has-vertical-bottom ticss-c00aadba\"><div class=\"wp-block-themeisle-blocks-advanced-columns-overlay\"><\/div><div class=\"innerblocks-wrap\">\n<div id=\"wp-block-themeisle-blocks-advanced-column-4d412c51\" class=\"wp-block-themeisle-blocks-advanced-column\">\n<h2 id=\"wp-block-themeisle-blocks-advanced-heading-fb3c7a39\" class=\"wp-block-themeisle-blocks-advanced-heading wp-block-themeisle-blocks-advanced-heading-fb3c7a39\">Empieza tu camino hoy <\/h2>\n\n\n\n<p class=\"has-text-align-center has-text-color\" style=\"color:#fefefe\">Porque cuando hoy en d\u00eda criamos a nuestros hijos con intenci\u00f3n, creamos un legado de sabidur\u00eda emocional para las generaciones venideras.<\/p>\n\n\n\n<div class=\"wp-block-buttons is-content-justification-center is-layout-flex wp-container-core-buttons-is-layout-a89b3969 wp-block-buttons-is-layout-flex\">\n<div class=\"wp-block-button is-style-primary\"><a class=\"wp-block-button__link wp-element-button\" href=\"https:\/\/exponential-parenting.es\/?page_id=101\">\u00danete al newsletter<\/a><\/div>\n<\/div>\n<\/div>\n<\/div><\/div>\n","protected":false},"excerpt":{"rendered":"<p>Reconfigura tu manera de criar.Reimagina tu legado. Exponential Parenting se fund\u00f3 con el objetivo de empoderar a los padres para romper los ciclos generacionales, fomentar una inteligencia emocional profunda y cultivar din\u00e1micas familiares conscientes que se extiendan m\u00e1s all\u00e1 del hogar. Porque la crianza de los hijos puede ser algo m\u00e1s que simplemente sobrevivir mientras [&hellip;]<\/p>\n","protected":false},"author":1,"featured_media":0,"parent":0,"menu_order":0,"comment_status":"closed","ping_status":"closed","template":"page-no-title","meta":{"_themeisle_gutenberg_block_has_review":false,"footnotes":""},"class_list":["post-87","page","type-page","status-publish","hentry"],"jetpack_sharing_enabled":true,"_links":{"self":[{"href":"https:\/\/exponential-parenting.es\/index.php?rest_route=\/wp\/v2\/pages\/87","targetHints":{"allow":["GET"]}}],"collection":[{"href":"https:\/\/exponential-parenting.es\/index.php?rest_route=\/wp\/v2\/pages"}],"about":[{"href":"https:\/\/exponential-parenting.es\/index.php?rest_route=\/wp\/v2\/types\/page"}],"author":[{"embeddable":true,"href":"https:\/\/exponential-parenting.es\/index.php?rest_route=\/wp\/v2\/users\/1"}],"replies":[{"embeddable":true,"href":"https:\/\/exponential-parenting.es\/index.php?rest_route=%2Fwp%2Fv2%2Fcomments&post=87"}],"version-history":[{"count":15,"href":"https:\/\/exponential-parenting.es\/index.php?rest_route=\/wp\/v2\/pages\/87\/revisions"}],"predecessor-version":[{"id":169,"href":"https:\/\/exponential-parenting.es\/index.php?rest_route=\/wp\/v2\/pages\/87\/revisions\/169"}],"wp:attachment":[{"href":"https:\/\/exponential-parenting.es\/index.php?rest_route=%2Fwp%2Fv2%2Fmedia&parent=87"}],"curies":[{"name":"wp","href":"https:\/\/api.w.org\/{rel}","templated":true}]}}