{"id":8,"date":"2025-08-18T22:27:36","date_gmt":"2025-08-18T22:27:36","guid":{"rendered":"https:\/\/lightslategray-lyrebird-748294.hostingersite.com\/?page_id=8"},"modified":"2026-03-18T11:22:35","modified_gmt":"2026-03-18T10:22:35","slug":"about-us","status":"publish","type":"page","link":"https:\/\/exponential-parenting.es\/?page_id=8","title":{"rendered":"About"},"content":{"rendered":"\n<div class=\"wp-block-group alignfull has-accent-background-color has-background has-global-padding is-layout-constrained wp-container-core-group-is-layout-669513ed wp-block-group-is-layout-constrained\" style=\"margin-top:0;margin-bottom:0;padding-top:var(--wp--preset--spacing--50);padding-right:var(--wp--preset--spacing--50);padding-bottom:var(--wp--preset--spacing--50);padding-left:var(--wp--preset--spacing--50)\">\n<div class=\"wp-block-columns alignwide is-layout-flex wp-container-core-columns-is-layout-1da03c2a wp-block-columns-is-layout-flex\">\n<div class=\"wp-block-column is-vertically-aligned-stretch is-layout-flow wp-block-column-is-layout-flow\" style=\"flex-basis:50%\">\n<div class=\"wp-block-group is-vertical is-content-justification-stretch is-layout-flex wp-container-core-group-is-layout-444d5ee8 wp-block-group-is-layout-flex\" style=\"min-height:100%\">\n<p class=\"has-heading-font-family has-x-large-font-size\" style=\"line-height:1.2\">En<strong> Exponential Parenting<\/strong>, mi misi\u00f3n es ayudar a padres y profesionales a romper los patrones generacionales, crear conexiones aut\u00e9nticas y cultivar un <strong>liderazgo consciente y seguro<\/strong> en el hogar.<\/p>\n\n\n\n<div class=\"wp-block-group has-global-padding is-content-justification-left is-layout-constrained wp-container-core-group-is-layout-9fe8ed88 wp-block-group-is-layout-constrained\">\n<p class=\"wp-container-content-0733e5d0\">Porque cuando un pariente evoluciona, se transforman generaciones.<\/p>\n\n\n\n<div class=\"wp-block-buttons is-layout-flex wp-block-buttons-is-layout-flex\">\n<div class=\"wp-block-button\"><a class=\"wp-block-button__link wp-element-button\" href=\"https:\/\/exponential-parenting.es\/?page_id=11\">Explorar los servicios<\/a><\/div>\n<\/div>\n<\/div>\n<\/div>\n<\/div>\n\n\n\n<div class=\"wp-block-column is-vertically-aligned-center is-layout-flow wp-block-column-is-layout-flow\" style=\"flex-basis:50%\">\n<figure class=\"wp-block-image size-large is-style-rounded is-style-rounded--1\"><img loading=\"lazy\" decoding=\"async\" width=\"683\" height=\"1024\" src=\"https:\/\/exponential-parenting.es\/wp-content\/uploads\/2025\/08\/family-7111502_1920-683x1024.jpg\" alt=\"\" class=\"wp-image-34\" style=\"aspect-ratio:3\/4;object-fit:cover\" srcset=\"https:\/\/exponential-parenting.es\/wp-content\/uploads\/2025\/08\/family-7111502_1920-683x1024.jpg 683w, https:\/\/exponential-parenting.es\/wp-content\/uploads\/2025\/08\/family-7111502_1920-200x300.jpg 200w, https:\/\/exponential-parenting.es\/wp-content\/uploads\/2025\/08\/family-7111502_1920-768x1152.jpg 768w, https:\/\/exponential-parenting.es\/wp-content\/uploads\/2025\/08\/family-7111502_1920-1024x1536.jpg 1024w, https:\/\/exponential-parenting.es\/wp-content\/uploads\/2025\/08\/family-7111502_1920.jpg 1280w\" sizes=\"auto, (max-width: 683px) 100vw, 683px\" \/><\/figure>\n<\/div>\n<\/div>\n<\/div>\n\n\n\n<div class=\"wp-block-group alignfull has-base-background-color has-background has-global-padding is-layout-constrained wp-container-core-group-is-layout-d89aad35 wp-block-group-is-layout-constrained\" style=\"margin-top:0;margin-bottom:0;padding-top:var(--wp--preset--spacing--50);padding-right:var(--wp--preset--spacing--50);padding-bottom:var(--wp--preset--spacing--50);padding-left:var(--wp--preset--spacing--50)\">\n<div class=\"wp-block-columns alignwide is-layout-flex wp-container-core-columns-is-layout-549b0c86 wp-block-columns-is-layout-flex\">\n<div class=\"wp-block-column has-global-padding is-content-justification-left is-layout-constrained wp-container-core-column-is-layout-4f15e8fe wp-block-column-is-layout-constrained\" style=\"flex-basis:40%\">\n<p class=\"has-large-font-size\">Por qu\u00e9 \u00abExponencial\u00bb?<\/p>\n<\/div>\n\n\n\n<div class=\"wp-block-column is-layout-flow wp-container-core-column-is-layout-119bc444 wp-block-column-is-layout-flow\" style=\"flex-basis:60%\">\n<p class=\"has-heading-font-family has-x-large-font-size\" style=\"line-height:1.2\">Porque el cambio no ocurre de forma lineal, sino que se acumula. Cada momento en el que act\u00faas conscientemente en lugar de reaccionar, cada habilidad que desarrollas, cada conexi\u00f3n que cultivas, <strong>se reflejar\u00e1 en las generaciones futuras<\/strong>. No estoy aqu\u00ed para perfeccionar la crianza de los hijos, estamos aqu\u00ed para transformarla, juntos.<\/p>\n\n\n\n<div class=\"wp-block-columns is-layout-flex wp-container-core-columns-is-layout-87beb0d0 wp-block-columns-is-layout-flex\">\n<div class=\"wp-block-column is-layout-flow wp-block-column-is-layout-flow\">\n<p class=\"wp-container-content-9cfa9a5a\"><strong>La crianza de los hijos es el papel de liderazgo m\u00e1s poderoso del mundo. <\/strong>En Exponential Parenting, quiero ayudarte a liderar con intenci\u00f3n, en lugar de dejar que el comportamiento de tus hijos te gobierne.<br>A trav\u00e9s de una combinaci\u00f3n de neurociencia, inteligencia emocional, comprensi\u00f3n del comportamiento apropiado para el desarrollo y <strong>coaching consciente<\/strong>, te ayudo a desarrollar las herramientas necesarias para prosperar, y no solo sobrevivir, en tu viaje como padre.<\/p>\n\n\n\n<p class=\"wp-container-content-9cfa9a5a\"><\/p>\n<\/div>\n\n\n\n<div class=\"wp-block-column is-layout-flow wp-block-column-is-layout-flow\">\n<p>Fundada por m\u00ed, <strong>Gwen<\/strong>, asesora de crianza certificada por el Instituto Jai, Exponential Parenting naci\u00f3 de la convicci\u00f3n de que el verdadero cambio comienza en el hogar, con padres dispuestos a <strong>aprender, practicar y reparar<\/strong>. Su objetivo es apoyar a aquellos que tienen el valor de dar los primeros pasos para sanar el trauma generacional, cultivar la inteligencia emocional y criar hijos seguros de s\u00ed mismos, compasivos y resilientes.<\/p>\n<\/div>\n<\/div>\n<\/div>\n<\/div>\n<\/div>\n\n\n\n<h1 class=\"wp-block-heading has-text-align-center\">Conoce a Gwen Fernau,<br>Asesora de Crianza Certificada<\/h1>\n\n\n\n<figure class=\"wp-block-image aligncenter size-large is-resized is-style-rounded is-style-rounded--2\"><img loading=\"lazy\" decoding=\"async\" width=\"1920\" height=\"2560\" src=\"https:\/\/exponential-parenting.es\/wp-content\/uploads\/2025\/09\/IMG_8261-edited-1-scaled.jpg\" alt=\"\" class=\"wp-image-136\" style=\"width:400px\" srcset=\"https:\/\/exponential-parenting.es\/wp-content\/uploads\/2025\/09\/IMG_8261-edited-1-scaled.jpg 1920w, https:\/\/exponential-parenting.es\/wp-content\/uploads\/2025\/09\/IMG_8261-edited-1-225x300.jpg 225w, https:\/\/exponential-parenting.es\/wp-content\/uploads\/2025\/09\/IMG_8261-edited-1-768x1024.jpg 768w, https:\/\/exponential-parenting.es\/wp-content\/uploads\/2025\/09\/IMG_8261-edited-1-1152x1536.jpg 1152w, https:\/\/exponential-parenting.es\/wp-content\/uploads\/2025\/09\/IMG_8261-edited-1-1536x2048.jpg 1536w\" sizes=\"auto, (max-width: 1920px) 100vw, 1920px\" \/><\/figure>\n\n\n\n<p>\u00a1Hola, soy Gwen! Soy una coach, educadora y madre, con una misi\u00f3n de cambiar el mundo, familia a familia. <\/p>\n\n\n\n<p>Desde que fund\u00e9 Exponential Parenting en 2025, mi objetivo ha sido proporcionar al mayor n\u00famero posible de madres y padres las herramientas y los conocimientos necesarios para sacar lo mejor de s\u00ed mismos y <strong>convertirse en l\u00edderes seguros, firmes y cari\u00f1osos<\/strong> para sus hijos y sus familias.<\/p>\n\n\n\n<p>Tras <strong>una d\u00e9cada de experiencia <\/strong>trabajando con ni\u00f1os y adultos como educadora, as\u00ed como a trav\u00e9s de mi propia experiencia infantil y mi pasi\u00f3n personal por la investigaci\u00f3n sobre el desarrollo infantil y la psicolog\u00eda, creo firmemente que la forma m\u00e1s eficaz de influir positivamente en el bienestar de un ni\u00f1o es <strong>adaptando su entorno para que se ajuste mejor a sus necesidades<\/strong>, en lugar de intentar cambiar al ni\u00f1o mediante una intervenci\u00f3n directa.<\/p>\n\n\n\n<p>\u00bfQu\u00e9 quiero decir con esto? Que tender la mano a los padres y ofrecerles <strong>herramientas, conocimientos y una comunidad <\/strong>tendr\u00e1 un resultado mucho m\u00e1s satisfactorio y duradero que limitarse a enviar al ni\u00f1o a terapia o probar alg\u00fan otro tipo de intervenci\u00f3n centrada en el ni\u00f1o sin abordar el papel que juegan los padres o cuidadores en el comportamiento y el desarrollo del ni\u00f1o.<\/p>\n\n\n\n<p>Para m\u00ed, ser madre era (y es) un tema realmente gordo, y quer\u00eda estar lo m\u00e1s preparada posible (ja, ja, \u00bfverdad?). De alguna manera, intu\u00eda que, aunque leer todos los libros y seguir todas las cuentas de Instagram era un buen comienzo para prepararme intelectualmente,<strong> eso no iba a marcar una diferencia real en mi capacidad para ser una buena madre<\/strong>. Sab\u00eda que para ello <strong>ten\u00eda que mirar hac\u00eda adentro<\/strong>.<\/p>\n\n\n\n<p>Unos a\u00f1os m\u00e1s tarde, \u00a1mi hijo ya estaba aqu\u00ed! Era oficialmente madre y me hab\u00eda sumergido de lleno en el mundo de la \u00abcrianza respetuosa\u00bb. <strong>Sab\u00eda qu\u00e9 era \u00abcorrecto\u00bb decir, entend\u00eda que primero ten\u00eda que regularme a m\u00ed misma,<\/strong> incluso pon\u00eda en pr\u00e1ctica la co-regulaci\u00f3n y la validaci\u00f3n emocional mientras ayudaba a criar a mi sobrina, que ha vivido con nosotros durante los \u00faltimos cinco a\u00f1os. Me sent\u00eda muy segura de mis habilidades como madre. Y<strong>, sin embargo, segu\u00eda teniendo problemas<\/strong> con la actitud defensiva, la sensaci\u00f3n de agobio y los ataques verbales hacia mi pareja. Hab\u00eda una pieza que faltaba y que no consegu\u00eda encontrar.<\/p>\n\n\n\n<p>A finales de 2024, solo unos meses despu\u00e9s del parto, por fin tuve la oportunidad de cumplir uno de mis sue\u00f1os y completar mi certificaci\u00f3n como coach en el Jai Institute for Parenting, uno de los cursos de certificaci\u00f3n mejor valorados del mundo. Fue entonces, a trav\u00e9s del Proceso de Crianza Transformacional, cuando tuve mi gran momento de revelaci\u00f3n. Aunque te\u00f3ricamente sab\u00eda lo que ten\u00eda que hacer para regularme, <strong>hasta que mi cuerpo no creyera que era realmente seguro, nunca iba a ser capaz de deshacerme de mis comportamientos condicionados y mis creencias limitantes.<\/strong> Nuestro pasado no solo influye en nuestro presente, nuestro sistema nervioso lleva literalmente todas las heridas que hemos experimentado a lo largo de nuestra vida. <strong>Solo cuando fui capaz de acoger de forma constante y amorosa a mi ni\u00f1a interior y tranquilizarla para que se sintiera segura, empec\u00e9 a ver cambios reales en mi comportamiento y en mi capacidad para comunicarme de forma consciente y plenamente presente. <\/strong>Y nunca habr\u00eda sido capaz de hacer esto por m\u00ed misma.<\/p>\n\n\n\n<p>Este es el regalo que quiero dar a tantas personas como sea posible. El incre\u00edble desarrollo y evoluci\u00f3n que se produce cuando se combinan los conocimientos sobre el comportamiento y las estrategias pr\u00e1cticas con un profundo trabajo interior y la regulaci\u00f3n del sistema nervioso.<\/p>\n\n\n\n<p>Especialmente ahora, cuando vivimos tiempos muy turbulentos, tanto en lo pol\u00edtico como en otros \u00e1mbitos, poder apoyar a los padres y ofrecerles un espacio para que procesen sus propias experiencias mientras tratan de lidiar con las presiones cada vez mayores que se les imponen hoy en d\u00eda para \u00abhacer un buen trabajo\u00bb, no solo es incre\u00edblemente gratificante a nivel personal, sino que tambi\u00e9n, creo, <strong>es de vital importancia para crear un cambio positivo y duradero en nuestra sociedad<\/strong> en su conjunto.<\/p>\n\n\n\n<p>El camino de cada persona es \u00fanico, y ser\u00eda un honor para m\u00ed recorrer el tuyo contigo mientras exploramos juntos c\u00f3mo <strong>asumir tu poder como l\u00edder de tu familia y convertirte en el modelo a seguir que tu hijo aprender\u00e1 a imitar<\/strong>. Te prometo guiarte con compasi\u00f3n, sin juzgarte en absoluto y con herramientas pr\u00e1cticas que pueden funcionar para cualquier familia.<\/p>\n\n\n\n<p>La verdadera transformaci\u00f3n NO consiste en ser perfecto. Consiste en ser lo suficientemente valiente como para dar un paso al frente y probar algo nuevo, una y otra y otra vez.<\/p>\n\n\n\n<div class=\"wp-block-group alignfull has-accent-5-background-color has-background has-global-padding is-layout-constrained wp-container-core-group-is-layout-d89aad35 wp-block-group-is-layout-constrained\" style=\"margin-top:0;margin-bottom:0;padding-top:var(--wp--preset--spacing--50);padding-right:var(--wp--preset--spacing--50);padding-bottom:var(--wp--preset--spacing--50);padding-left:var(--wp--preset--spacing--50)\">\n<div class=\"wp-block-columns alignwide is-layout-flex wp-container-core-columns-is-layout-1da03c2a wp-block-columns-is-layout-flex\">\n<div class=\"wp-block-column is-vertically-aligned-center is-layout-flow wp-block-column-is-layout-flow\" style=\"flex-basis:60%\">\n<figure class=\"wp-block-image size-full is-style-rounded wp-duotone-varpresetduotoneduotone-1-4 is-style-rounded--3\"><img loading=\"lazy\" decoding=\"async\" width=\"1920\" height=\"1280\" src=\"https:\/\/exponential-parenting.es\/wp-content\/uploads\/2025\/08\/hands.jpg\" alt=\"\" class=\"wp-image-35\" style=\"aspect-ratio:4\/3;object-fit:cover\" srcset=\"https:\/\/exponential-parenting.es\/wp-content\/uploads\/2025\/08\/hands.jpg 1920w, https:\/\/exponential-parenting.es\/wp-content\/uploads\/2025\/08\/hands-300x200.jpg 300w, https:\/\/exponential-parenting.es\/wp-content\/uploads\/2025\/08\/hands-1024x683.jpg 1024w, https:\/\/exponential-parenting.es\/wp-content\/uploads\/2025\/08\/hands-768x512.jpg 768w, https:\/\/exponential-parenting.es\/wp-content\/uploads\/2025\/08\/hands-1536x1024.jpg 1536w\" sizes=\"auto, (max-width: 1920px) 100vw, 1920px\" \/><\/figure>\n<\/div>\n\n\n\n<div class=\"wp-block-column is-layout-flow wp-block-column-is-layout-flow\" style=\"flex-basis:40%\">\n<h2 class=\"wp-block-heading\">Redefinir la crianza de los hijos hoy para crear la sociedad consciente del ma\u00f1ana<\/h2>\n\n\n\n<p>Exponential Parenting se basa en:<\/p>\n\n\n\n<ul class=\"wp-block-list\">\n<li>Neurociencia: \u00a1Comprender c\u00f3mo el cerebro y el sistema nervioso afectan al comportamiento y viceversa!<\/li>\n\n\n\n<li>La inteligencia emocional: Cultivar la alfabetizaci\u00f3n emocional y la verdadera empat\u00eda, tanto para ti como para tu hijo.<\/li>\n\n\n\n<li>Los principios de la crianza consciente: Liderar con conciencia, no con el piloto autom\u00e1tico. Pasar del control y la correcci\u00f3n a la ense\u00f1anza y la conexi\u00f3n.<\/li>\n<\/ul>\n\n\n\n<p>Mis servicios incluyen asesoramiento personalizado a trav\u00e9s de cursos basados en la evidencia y una comunidad sin prejuicios que te apoyar\u00e1 mientras implementas estas estrategias en la crianza de tus hijos en la vida real.<\/p>\n\n\n\n<div class=\"wp-block-buttons is-layout-flex wp-block-buttons-is-layout-flex\">\n<div class=\"wp-block-button\"><a class=\"wp-block-button__link wp-element-button\" href=\"https:\/\/exponential-parenting.es\/?page_id=11\">Los servicios<\/a><\/div>\n<\/div>\n<\/div>\n<\/div>\n<\/div>\n\n\n\n<div class=\"wp-block-group alignfull has-global-padding is-layout-constrained wp-container-core-group-is-layout-d89aad35 wp-block-group-is-layout-constrained\" style=\"margin-top:0;margin-bottom:0;padding-top:var(--wp--preset--spacing--50);padding-right:var(--wp--preset--spacing--50);padding-bottom:var(--wp--preset--spacing--50);padding-left:var(--wp--preset--spacing--50)\">\n<div class=\"wp-block-columns alignwide are-vertically-aligned-center is-layout-flex wp-container-core-columns-is-layout-47c06fe3 wp-block-columns-is-layout-flex\">\n<div class=\"wp-block-column is-vertically-aligned-center is-layout-flow wp-block-column-is-layout-flow\" style=\"flex-basis:50%\">\n<h2 class=\"wp-block-heading\">Comience hoy mismo su viaje hacia la repaternidad<\/h2>\n\n\n\n<ul style=\"line-height:1.75\" class=\"wp-block-list is-style-checkmark-list\">\n<li>Criemos una generaci\u00f3n que no necesite recuperarse de su infancia.<\/li>\n\n\n\n<li>Criemos a nuestros hijos para el mundo en el que queremos vivir.<\/li>\n\n\n\n<li><em>Hag\u00e1moslo juntos.<\/em><\/li>\n<\/ul>\n\n\n\n<div class=\"wp-block-buttons is-layout-flex wp-block-buttons-is-layout-flex\">\n<div class=\"wp-block-button\"><a class=\"wp-block-button__link wp-element-button\" href=\"https:\/\/calendly.com\/gwenfernau\/discovery-call\" target=\"_blank\" rel=\"noreferrer noopener\">Reserva tu llamada de exploraci\u00f3n gratuita<\/a><\/div>\n\n\n\n<div class=\"wp-block-button is-style-outline is-style-outline--5\"><a class=\"wp-block-button__link wp-element-button\" href=\"https:\/\/exponential-parenting.es\/?page_id=11\">Explorar los cursos<\/a><\/div>\n<\/div>\n<\/div>\n\n\n\n<div class=\"wp-block-column is-vertically-aligned-center is-layout-flow wp-block-column-is-layout-flow\" style=\"flex-basis:50%\">\n<figure class=\"wp-block-image size-full is-style-rounded is-style-rounded--6\"><img loading=\"lazy\" decoding=\"async\" width=\"1920\" height=\"1280\" src=\"https:\/\/exponential-parenting.es\/wp-content\/uploads\/2025\/08\/mother-6935336_1920.jpg\" alt=\"\" class=\"wp-image-36\" style=\"aspect-ratio:4\/3;object-fit:cover\" srcset=\"https:\/\/exponential-parenting.es\/wp-content\/uploads\/2025\/08\/mother-6935336_1920.jpg 1920w, https:\/\/exponential-parenting.es\/wp-content\/uploads\/2025\/08\/mother-6935336_1920-300x200.jpg 300w, https:\/\/exponential-parenting.es\/wp-content\/uploads\/2025\/08\/mother-6935336_1920-1024x683.jpg 1024w, https:\/\/exponential-parenting.es\/wp-content\/uploads\/2025\/08\/mother-6935336_1920-768x512.jpg 768w, https:\/\/exponential-parenting.es\/wp-content\/uploads\/2025\/08\/mother-6935336_1920-1536x1024.jpg 1536w\" sizes=\"auto, (max-width: 1920px) 100vw, 1920px\" \/><\/figure>\n<\/div>\n<\/div>\n<\/div>\n","protected":false},"excerpt":{"rendered":"<p>En Exponential Parenting, mi misi\u00f3n es ayudar a padres y profesionales a romper los patrones generacionales, crear conexiones aut\u00e9nticas y cultivar un liderazgo consciente y seguro en el hogar. Porque cuando un pariente evoluciona, se transforman generaciones. Por qu\u00e9 \u00abExponencial\u00bb? Porque el cambio no ocurre de forma lineal, sino que se acumula. Cada momento en [&hellip;]<\/p>\n","protected":false},"author":1,"featured_media":0,"parent":0,"menu_order":0,"comment_status":"closed","ping_status":"closed","template":"page-no-title","meta":{"_themeisle_gutenberg_block_has_review":false,"footnotes":""},"class_list":["post-8","page","type-page","status-publish","hentry"],"jetpack_sharing_enabled":true,"_links":{"self":[{"href":"https:\/\/exponential-parenting.es\/index.php?rest_route=\/wp\/v2\/pages\/8","targetHints":{"allow":["GET"]}}],"collection":[{"href":"https:\/\/exponential-parenting.es\/index.php?rest_route=\/wp\/v2\/pages"}],"about":[{"href":"https:\/\/exponential-parenting.es\/index.php?rest_route=\/wp\/v2\/types\/page"}],"author":[{"embeddable":true,"href":"https:\/\/exponential-parenting.es\/index.php?rest_route=\/wp\/v2\/users\/1"}],"replies":[{"embeddable":true,"href":"https:\/\/exponential-parenting.es\/index.php?rest_route=%2Fwp%2Fv2%2Fcomments&post=8"}],"version-history":[{"count":22,"href":"https:\/\/exponential-parenting.es\/index.php?rest_route=\/wp\/v2\/pages\/8\/revisions"}],"predecessor-version":[{"id":179,"href":"https:\/\/exponential-parenting.es\/index.php?rest_route=\/wp\/v2\/pages\/8\/revisions\/179"}],"wp:attachment":[{"href":"https:\/\/exponential-parenting.es\/index.php?rest_route=%2Fwp%2Fv2%2Fmedia&parent=8"}],"curies":[{"name":"wp","href":"https:\/\/api.w.org\/{rel}","templated":true}]}}