{"id":14,"date":"2025-08-19T08:07:00","date_gmt":"2025-08-19T08:07:00","guid":{"rendered":"https:\/\/lightslategray-lyrebird-748294.hostingersite.com\/?page_id=14"},"modified":"2025-10-08T11:24:50","modified_gmt":"2025-10-08T09:24:50","slug":"contact","status":"publish","type":"page","link":"https:\/\/exponential-parenting.es\/?page_id=14","title":{"rendered":"Contact"},"content":{"rendered":"\n<div class=\"wp-block-group alignfull has-global-padding is-content-justification-center is-layout-constrained wp-block-group-is-layout-constrained\" style=\"margin-top:0;margin-bottom:0;padding-top:var(--wp--preset--spacing--40);padding-bottom:var(--wp--preset--spacing--40)\">\n<div class=\"wp-block-group has-global-padding is-layout-constrained wp-container-core-group-is-layout-f44438b0 wp-block-group-is-layout-constrained\">\n<div class=\"wp-block-group alignwide is-vertical is-content-justification-center is-layout-flex wp-container-core-group-is-layout-ce155fab wp-block-group-is-layout-flex\">\n<h2 class=\"wp-block-heading alignwide has-text-align-center\" style=\"margin-top:0;margin-bottom:0\">Contacto<\/h2>\n\n\n\n<hr class=\"wp-block-separator has-alpha-channel-opacity\"\/>\n\n\n\n<p class=\"has-text-align-center is-contact-description\">\u00bfTienes alguna pregunta, quieres saber m\u00e1s o no est\u00e1s seguro de qu\u00e9 servicio es el adecuado para ti? Me encantar\u00eda saber de ti. Tanto si est\u00e1s explorando el coaching por primera vez como si simplemente quieres ponerte en contacto, no dudes en hacerlo: este es un espacio seguro para mantener una conversaci\u00f3n sincera y recibir apoyo.<\/p>\n<\/div>\n\n\n<div class=\"wp-block-jetpack-contact-form is-style-default\"><a href=\"https:\/\/exponential-parenting.es\/?page_id=14\" target=\"_blank\" rel=\"noopener noreferrer\">Env\u00eda un formulario.<\/a><\/div><\/div>\n<\/div>\n","protected":false},"excerpt":{"rendered":"<p>Contacto \u00bfTienes alguna pregunta, quieres saber m\u00e1s o no est\u00e1s seguro de qu\u00e9 servicio es el adecuado para ti? Me encantar\u00eda saber de ti. Tanto si est\u00e1s explorando el coaching por primera vez como si simplemente quieres ponerte en contacto, no dudes en hacerlo: este es un espacio seguro para mantener una conversaci\u00f3n sincera y [&hellip;]<\/p>\n","protected":false},"author":1,"featured_media":0,"parent":0,"menu_order":0,"comment_status":"closed","ping_status":"closed","template":"page-no-title","meta":{"_themeisle_gutenberg_block_has_review":false,"footnotes":""},"class_list":["post-14","page","type-page","status-publish","hentry"],"jetpack_sharing_enabled":true,"_links":{"self":[{"href":"https:\/\/exponential-parenting.es\/index.php?rest_route=\/wp\/v2\/pages\/14","targetHints":{"allow":["GET"]}}],"collection":[{"href":"https:\/\/exponential-parenting.es\/index.php?rest_route=\/wp\/v2\/pages"}],"about":[{"href":"https:\/\/exponential-parenting.es\/index.php?rest_route=\/wp\/v2\/types\/page"}],"author":[{"embeddable":true,"href":"https:\/\/exponential-parenting.es\/index.php?rest_route=\/wp\/v2\/users\/1"}],"replies":[{"embeddable":true,"href":"https:\/\/exponential-parenting.es\/index.php?rest_route=%2Fwp%2Fv2%2Fcomments&post=14"}],"version-history":[{"count":7,"href":"https:\/\/exponential-parenting.es\/index.php?rest_route=\/wp\/v2\/pages\/14\/revisions"}],"predecessor-version":[{"id":157,"href":"https:\/\/exponential-parenting.es\/index.php?rest_route=\/wp\/v2\/pages\/14\/revisions\/157"}],"wp:attachment":[{"href":"https:\/\/exponential-parenting.es\/index.php?rest_route=%2Fwp%2Fv2%2Fmedia&parent=14"}],"curies":[{"name":"wp","href":"https:\/\/api.w.org\/{rel}","templated":true}]}}